{"id":10,"date":"2024-02-04T14:54:01","date_gmt":"2024-02-04T14:54:01","guid":{"rendered":"http:\/\/pr.ipowerworld.net\/?page_id=10"},"modified":"2024-03-06T10:51:25","modified_gmt":"2024-03-06T10:51:25","slug":"a-propos","status":"publish","type":"page","link":"https:\/\/pr.ipowerworld.net\/index.php\/a-propos\/","title":{"rendered":"A propos"},"content":{"rendered":"\n<div class=\"wp-block-uagb-container uagb-block-ad9d3eb0 alignfull uagb-is-root-container\"><div class=\"uagb-container-inner-blocks-wrap\">\n<div class=\"wp-block-uagb-advanced-heading uagb-block-8e4004e0\"><h1 class=\"uagb-heading-text\">A propos de PowerReport-Regisseurs<\/h1><p class=\"uagb-desc-text\">Solution de gestion de la collecte et du dispatching des revenus, fiable pour les r\u00e9gisseurs et leurs sup\u00e9rieurs<\/p><\/div>\n<\/div><\/div>\n\n\n\n<div class=\"wp-block-uagb-container uagb-block-c97d6359 alignfull uagb-is-root-container\"><div class=\"uagb-container-inner-blocks-wrap\">\n<div class=\"wp-block-uagb-container uagb-block-7ce262c6\">\n<div class=\"wp-block-uagb-info-box uagb-block-aa131a30 uagb-infobox__content-wrap  uagb-infobox-icon-above-title uagb-infobox-image-valign-top\"><div class=\"uagb-ifb-content\"><div class=\"uagb-ifb-title-wrap\"><div class=\"uagb-ifb-separator\"><\/div><h2 class=\"uagb-ifb-title\"> A propos de PowerReport-regisseurs<\/h2><\/div><p class=\"uagb-ifb-desc\">Nous sommes enchant\u00e9s de vous pr\u00e9senter notre offre de service sur l&#8217;impl\u00e9mentation de notre tableur POWERREPORT-REGISSEURS , un logiciel de gestion des revues des centres hospitaliers publics. Chez IPOWERWORLD SAS, nous comprenons les d\u00e9fis uniques pour la visibilit\u00e9 des revues journaliers des revenus d&#8217;un h\u00f4pital et nous sommes engag\u00e9s a vous fournir une solution flexible et simple pour les r\u00e9gisseurs et les sup\u00e9rieurs.<\/p><\/div><\/div>\n\n\n\n<div class=\"wp-block-uagb-buttons uagb-buttons__outer-wrap uagb-btn__default-btn uagb-btn-tablet__default-btn uagb-btn-mobile__default-btn uagb-block-4f847781\"><div class=\"uagb-buttons__wrap uagb-buttons-layout-wrap\">\n<div class=\"wp-block-uagb-buttons-child uagb-buttons__outer-wrap uagb-block-452a68f6 wp-block-button is-style-outline\"><div class=\"uagb-button__wrapper\"><a class=\"uagb-buttons-repeater wp-block-button__link\" href=\"http:\/\/pr.ipowerworld.net\/index.php\/powerreport\/\" onclick=\"return true;\" rel=\"follow noopener\" target=\"_self\"><div class=\"uagb-button__link\">Tester le logiciel<\/div><\/a><\/div><\/div>\n<\/div><\/div>\n<\/div>\n\n\n\n<div class=\"wp-block-uagb-container uagb-block-9a81728f\">\n<div class=\"wp-block-uagb-image alignright uagb-block-a16ca49a wp-block-uagb-image--layout-default wp-block-uagb-image--effect-static wp-block-uagb-image--align-right\"><figure class=\"wp-block-uagb-image__figure\"><img decoding=\"async\" srcset=\"https:\/\/pr.ipowerworld.net\/wp-content\/uploads\/2024\/02\/gettyimages-497333399-612x612-2.jpg ,https:\/\/pr.ipowerworld.net\/wp-content\/uploads\/2024\/02\/gettyimages-497333399-612x612-2.jpg 780w, https:\/\/pr.ipowerworld.net\/wp-content\/uploads\/2024\/02\/gettyimages-497333399-612x612-2.jpg 360w\" sizes=\"auto, (max-width: 480px) 150px\" src=\"https:\/\/pr.ipowerworld.net\/wp-content\/uploads\/2024\/02\/gettyimages-497333399-612x612-2.jpg\" alt=\"\" class=\"uag-image-55\" width=\"700\" height=\"467\" title=\"\" loading=\"lazy\"\/><\/figure><\/div>\n<\/div>\n<\/div><\/div>\n\n\n\n<div class=\"wp-block-uagb-container uagb-block-9b84f3b6 alignfull uagb-is-root-container\"><div class=\"uagb-container-inner-blocks-wrap\">\n<div class=\"wp-block-uagb-container uagb-block-9e2a091e\">\n<div class=\"wp-block-uagb-info-box uagb-block-53cfdc19 uagb-infobox__content-wrap  uagb-infobox-icon-above-title uagb-infobox-image-valign-top\"><div class=\"uagb-ifb-content\"><div class=\"uagb-ifb-title-wrap\"><h4 class=\"uagb-ifb-title\">Saisie des revenus<\/h4><\/div><p class=\"uagb-ifb-desc\">Permet d&#8217;entrer les revenus journaliers selon les d\u00e9partements en une seule fois<\/p><\/div><\/div>\n<\/div>\n\n\n\n<div class=\"wp-block-uagb-container uagb-block-6fab0aa9\">\n<div class=\"wp-block-uagb-info-box uagb-block-872c930b uagb-infobox__content-wrap  uagb-infobox-icon-above-title uagb-infobox-image-valign-top\"><div class=\"uagb-ifb-content\"><div class=\"uagb-ifb-title-wrap\"><h4 class=\"uagb-ifb-title\">G\u00e9n\u00e9rateur automatique des d\u00e9cades<\/h4><\/div><p class=\"uagb-ifb-desc\">Vos revenus sont automatiquement regroup\u00e9s par d\u00e9cade et l&#8217;analyse de la d\u00e9cade se fait instantan\u00e9ment <\/p><\/div><\/div>\n<\/div>\n\n\n\n<div class=\"wp-block-uagb-container uagb-block-97b1a386\">\n<div class=\"wp-block-uagb-info-box uagb-block-e4afc311 uagb-infobox__content-wrap  uagb-infobox-icon-above-title uagb-infobox-image-valign-top\"><div class=\"uagb-ifb-content\"><div class=\"uagb-ifb-title-wrap\"><h4 class=\"uagb-ifb-title\">G\u00e9n\u00e9rateur de rapports<\/h4><\/div><p class=\"uagb-ifb-desc\">Vos rapports mensuels et annuels sont g\u00e9n\u00e9res automatiquement au fur et \u00e0 mesure que les donn\u00e9es sont saisies<\/p><\/div><\/div>\n<\/div>\n<\/div><\/div>\n\n\n\n<div class=\"wp-block-uagb-container uagb-block-beb3ac1d alignfull uagb-is-root-container\"><div class=\"uagb-container-inner-blocks-wrap\">\n<div class=\"wp-block-uagb-info-box uagb-block-fb3f8749 uagb-infobox__content-wrap  uagb-infobox-icon-above-title uagb-infobox-image-valign-top\"><div class=\"uagb-ifb-content\"><div class=\"uagb-ifb-title-wrap\"><div class=\"uagb-ifb-separator\"><\/div><h2 class=\"uagb-ifb-title\">Fonctionnalit\u00e9s de PowerReport-r\u00e9gisseurs<\/h2><\/div><p class=\"uagb-ifb-desc\">PowerReport-r\u00e9gisseurs optimise les proc\u00e9dures d&#8217;audit , de reporting et apporte a tous les intervenants plus de qui\u00e9tude et de performance<\/p><\/div><\/div>\n\n\n\n<div class=\"wp-block-uagb-container uagb-block-0ac4d7a0\">\n<div class=\"wp-block-uagb-container uagb-block-a242cafc\">\n<div class=\"wp-block-uagb-info-box uagb-block-75394b47 uagb-infobox__content-wrap  uagb-infobox-icon-above-title uagb-infobox-image-valign-top\"><div class=\"uagb-ifb-content\"><div class=\"uagb-ifb-icon-wrap\"><svg xmlns=\"https:\/\/www.w3.org\/2000\/svg\" viewBox=\"0 0 576 512\"><path d=\"M575.8 255.5C575.8 273.5 560.8 287.6 543.8 287.6H511.8L512.5 447.7C512.6 483.2 483.9 512 448.5 512H128.1C92.75 512 64.09 483.3 64.09 448V287.6H32.05C14.02 287.6 0 273.5 0 255.5C0 246.5 3.004 238.5 10.01 231.5L266.4 8.016C273.4 1.002 281.4 0 288.4 0C295.4 0 303.4 2.004 309.5 7.014L564.8 231.5C572.8 238.5 576.9 246.5 575.8 255.5H575.8zM288 160C252.7 160 224 188.7 224 224C224 259.3 252.7 288 288 288C323.3 288 352 259.3 352 224C352 188.7 323.3 160 288 160zM256 320C211.8 320 176 355.8 176 400C176 408.8 183.2 416 192 416H384C392.8 416 400 408.8 400 400C400 355.8 364.2 320 320 320H256z\"><\/path><\/svg><\/div><div class=\"uagb-ifb-title-wrap\"><h4 class=\"uagb-ifb-title\">Suivi mensuel des transferts<\/h4><\/div><p class=\"uagb-ifb-desc\">Visibilit\u00e9 du montant des fonds d\u00e9j\u00e0 transf\u00e9r\u00e9s dans chaque rubrique par mois et par d\u00e9cade<\/p><\/div><\/div>\n<\/div>\n\n\n\n<div class=\"wp-block-uagb-container uagb-block-06e7f849\">\n<div class=\"wp-block-uagb-info-box uagb-block-4f6dc622 uagb-infobox__content-wrap  uagb-infobox-icon-above-title uagb-infobox-image-valign-top\"><div class=\"uagb-ifb-content\"><div class=\"uagb-ifb-icon-wrap\"><svg xmlns=\"https:\/\/www.w3.org\/2000\/svg\" viewBox=\"0 0 640 512\"><path d=\"M319.9 320c57.41 0 103.1-46.56 103.1-104c0-57.44-46.54-104-103.1-104c-57.41 0-103.1 46.56-103.1 104C215.9 273.4 262.5 320 319.9 320zM369.9 352H270.1C191.6 352 128 411.7 128 485.3C128 500.1 140.7 512 156.4 512h327.2C499.3 512 512 500.1 512 485.3C512 411.7 448.4 352 369.9 352zM512 160c44.18 0 80-35.82 80-80S556.2 0 512 0c-44.18 0-80 35.82-80 80S467.8 160 512 160zM183.9 216c0-5.449 .9824-10.63 1.609-15.91C174.6 194.1 162.6 192 149.9 192H88.08C39.44 192 0 233.8 0 285.3C0 295.6 7.887 304 17.62 304h199.5C196.7 280.2 183.9 249.7 183.9 216zM128 160c44.18 0 80-35.82 80-80S172.2 0 128 0C83.82 0 48 35.82 48 80S83.82 160 128 160zM551.9 192h-61.84c-12.8 0-24.88 3.037-35.86 8.24C454.8 205.5 455.8 210.6 455.8 216c0 33.71-12.78 64.21-33.16 88h199.7C632.1 304 640 295.6 640 285.3C640 233.8 600.6 192 551.9 192z\"><\/path><\/svg><\/div><div class=\"uagb-ifb-title-wrap\"><h4 class=\"uagb-ifb-title\">Suivi des op\u00e9rations de transfert des fonds collect\u00e9s<\/h4><\/div><p class=\"uagb-ifb-desc\">Possibilit\u00e9 de saisir les affectations des fonds et de g\u00e9n\u00e9rer les rapports subs\u00e9quents<\/p><\/div><\/div>\n<\/div>\n\n\n\n<div class=\"wp-block-uagb-container uagb-block-9ed2e57b\">\n<div class=\"wp-block-uagb-info-box uagb-block-cde684f6 uagb-infobox__content-wrap  uagb-infobox-icon-above-title uagb-infobox-image-valign-top\"><div class=\"uagb-ifb-content\"><div class=\"uagb-ifb-icon-wrap\"><svg xmlns=\"https:\/\/www.w3.org\/2000\/svg\" viewBox=\"0 0 640 512\"><path d=\"M0 383.9l64 .0404c17.75 0 32-14.29 32-32.03V128.3L0 128.3V383.9zM48 320.1c8.75 0 16 7.118 16 15.99c0 8.742-7.25 15.99-16 15.99S32 344.8 32 336.1C32 327.2 39.25 320.1 48 320.1zM348.8 64c-7.941 0-15.66 2.969-21.52 8.328L228.9 162.3C228.8 162.5 228.8 162.7 228.6 162.7C212 178.3 212.3 203.2 226.5 218.7c12.75 13.1 39.38 17.62 56.13 2.75C282.8 221.3 282.9 221.3 283 221.2l79.88-73.1c6.5-5.871 16.75-5.496 22.62 1c6 6.496 5.5 16.62-1 22.62l-26.12 23.87L504 313.7c2.875 2.496 5.5 4.996 7.875 7.742V127.1c-40.98-40.96-96.48-63.88-154.4-63.88L348.8 64zM334.6 217.4l-30 27.49c-29.75 27.11-75.25 24.49-101.8-4.371C176 211.2 178.1 165.7 207.3 138.9L289.1 64H282.5C224.7 64 169.1 87.08 128.2 127.9L128 351.8l18.25 .0369l90.5 81.82c27.5 22.37 67.75 18.12 90-9.246l18.12 15.24c15.88 12.1 39.38 10.5 52.38-5.371l31.38-38.6l5.374 4.498c13.75 11 33.88 9.002 45-4.748l9.538-11.78c11.12-13.75 9.036-33.78-4.694-44.93L334.6 217.4zM544 128.4v223.6c0 17.62 14.25 32.05 31.1 32.05L640 384V128.1L544 128.4zM592 352c-8.75 0-16-7.246-16-15.99c0-8.875 7.25-15.99 16-15.99S608 327.2 608 336.1C608 344.8 600.8 352 592 352z\"><\/path><\/svg><\/div><div class=\"uagb-ifb-title-wrap\"><h4 class=\"uagb-ifb-title\">Analyse des donn\u00e9es<\/h4><\/div><p class=\"uagb-ifb-desc\">G\u00e9n\u00e9ration de diff\u00e9rents types de rapports d&#8217;analyse pour suivre l&#8217;activit\u00e9<\/p><\/div><\/div>\n<\/div>\n<\/div>\n\n\n\n<div class=\"wp-block-uagb-container uagb-block-8c2eeb09\">\n<div class=\"wp-block-uagb-container uagb-block-b17750bc\">\n<div class=\"wp-block-uagb-info-box uagb-block-3e20adad uagb-infobox__content-wrap  uagb-infobox-icon-above-title uagb-infobox-image-valign-top\"><div class=\"uagb-ifb-content\"><div class=\"uagb-ifb-icon-wrap\"><svg xmlns=\"https:\/\/www.w3.org\/2000\/svg\" viewBox=\"0 0 512 512\"><path d=\"M352 256C352 278.2 350.8 299.6 348.7 320H163.3C161.2 299.6 159.1 278.2 159.1 256C159.1 233.8 161.2 212.4 163.3 192H348.7C350.8 212.4 352 233.8 352 256zM503.9 192C509.2 212.5 512 233.9 512 256C512 278.1 509.2 299.5 503.9 320H380.8C382.9 299.4 384 277.1 384 256C384 234 382.9 212.6 380.8 192H503.9zM493.4 160H376.7C366.7 96.14 346.9 42.62 321.4 8.442C399.8 29.09 463.4 85.94 493.4 160zM344.3 160H167.7C173.8 123.6 183.2 91.38 194.7 65.35C205.2 41.74 216.9 24.61 228.2 13.81C239.4 3.178 248.7 0 256 0C263.3 0 272.6 3.178 283.8 13.81C295.1 24.61 306.8 41.74 317.3 65.35C328.8 91.38 338.2 123.6 344.3 160H344.3zM18.61 160C48.59 85.94 112.2 29.09 190.6 8.442C165.1 42.62 145.3 96.14 135.3 160H18.61zM131.2 192C129.1 212.6 127.1 234 127.1 256C127.1 277.1 129.1 299.4 131.2 320H8.065C2.8 299.5 0 278.1 0 256C0 233.9 2.8 212.5 8.065 192H131.2zM194.7 446.6C183.2 420.6 173.8 388.4 167.7 352H344.3C338.2 388.4 328.8 420.6 317.3 446.6C306.8 470.3 295.1 487.4 283.8 498.2C272.6 508.8 263.3 512 255.1 512C248.7 512 239.4 508.8 228.2 498.2C216.9 487.4 205.2 470.3 194.7 446.6H194.7zM190.6 503.6C112.2 482.9 48.59 426.1 18.61 352H135.3C145.3 415.9 165.1 469.4 190.6 503.6V503.6zM321.4 503.6C346.9 469.4 366.7 415.9 376.7 352H493.4C463.4 426.1 399.8 482.9 321.4 503.6V503.6z\"><\/path><\/svg><\/div><div class=\"uagb-ifb-title-wrap\"><h4 class=\"uagb-ifb-title\">Personnalisation des mod\u00e8les de rapport<\/h4><\/div><p class=\"uagb-ifb-desc\">Possibilit\u00e9 de cr\u00e9er des mod\u00e8les de rapport personnalis\u00e9s avec les mises en page sp\u00e9cifiques<\/p><\/div><\/div>\n<\/div>\n\n\n\n<div class=\"wp-block-uagb-container uagb-block-89a74441\">\n<div class=\"wp-block-uagb-info-box uagb-block-56970b64 uagb-infobox__content-wrap  uagb-infobox-icon-above-title uagb-infobox-image-valign-top\"><div class=\"uagb-ifb-content\"><div class=\"uagb-ifb-icon-wrap\"><svg xmlns=\"https:\/\/www.w3.org\/2000\/svg\" viewBox=\"0 0 576 512\"><path d=\"M96 304.1c0-12.16 4.971-23.83 13.64-32.01l72.13-68.08c1.65-1.555 3.773-2.311 5.611-3.578C177.1 176.8 155 160 128 160H64C28.65 160 0 188.7 0 224v96c0 17.67 14.33 32 31.1 32L32 480c0 17.67 14.33 32 32 32h64c17.67 0 32-14.33 32-32v-96.39l-50.36-47.53C100.1 327.9 96 316.2 96 304.1zM480 128c35.38 0 64-28.62 64-64s-28.62-64-64-64s-64 28.62-64 64S444.6 128 480 128zM96 128c35.38 0 64-28.62 64-64S131.4 0 96 0S32 28.62 32 64S60.63 128 96 128zM444.4 295.3L372.3 227.3c-3.49-3.293-8.607-4.193-13.01-2.299C354.9 226.9 352 231.2 352 236V272H224V236c0-4.795-2.857-9.133-7.262-11.03C212.3 223.1 207.2 223.1 203.7 227.3L131.6 295.3c-4.805 4.535-4.805 12.94 0 17.47l72.12 68.07c3.49 3.291 8.607 4.191 13.01 2.297C221.1 381.3 224 376.9 224 372.1V336h128v36.14c0 4.795 2.857 9.135 7.262 11.04c4.406 1.893 9.523 .9922 13.01-2.299l72.12-68.07C449.2 308.3 449.2 299.9 444.4 295.3zM512 160h-64c-26.1 0-49.98 16.77-59.38 40.42c1.842 1.271 3.969 2.027 5.623 3.588l72.12 68.06C475 280.2 480 291.9 480 304.1c.002 12.16-4.969 23.83-13.64 32.01L416 383.6V480c0 17.67 14.33 32 32 32h64c17.67 0 32-14.33 32-32v-128c17.67 0 32-14.33 32-32V224C576 188.7 547.3 160 512 160z\"><\/path><\/svg><\/div><div class=\"uagb-ifb-title-wrap\"><h4 class=\"uagb-ifb-title\">G\u00e9n\u00e9ration des graphiques<\/h4><\/div><p class=\"uagb-ifb-desc\">Visualisation des donn\u00e9es dynamiques et informatives<\/p><\/div><\/div>\n<\/div>\n<\/div>\n<\/div><\/div>\n\n\n\n<div class=\"wp-block-uagb-container uagb-block-ce329123 alignfull uagb-is-root-container\"><div class=\"uagb-container-inner-blocks-wrap\">\n<div class=\"wp-block-uagb-info-box uagb-block-69cf696e uagb-infobox__content-wrap  uagb-infobox-icon-above-title uagb-infobox-image-valign-top\"><div class=\"uagb-ifb-content\"><div class=\"uagb-ifb-title-wrap\"><h2 class=\"uagb-ifb-title\"><strong>ObtenezPowerReport-regisseurs<\/strong><\/h2><\/div><p class=\"uagb-ifb-desc\">N&#8217;h\u00e9sitez pas a nous contacter pour une d\u00e9monstration ou pour discuter de mani\u00e8re approfondie de la mani\u00e8re dont POWERREPORT  peut apporter une valeur exceptionnelle a votre h\u00f4pital dans sa globalit\u00e9. <\/p><div class=\"uagb-ifb-button-wrapper wp-block-button\"><a href=\"http:\/\/pr.ipowerworld.net\/index.php\/contact\/\" class=\"uagb-infobox-cta-link wp-block-button__link\" target=\"_self\" rel=\"noopener noreferrer\" onclick=\"return true;\" alt=\"\"><span class=\"uagb-inline-editing\">Nous contacter<\/span><\/a><\/div><\/div><\/div>\n<\/div><\/div>\n","protected":false},"excerpt":{"rendered":"<p>A propos de PowerReport-Regisseurs Solution de gestion de la collecte et du dispatching des revenus, fiable pour les r\u00e9gisseurs et leurs sup\u00e9rieurs<\/p>\n","protected":false},"author":1,"featured_media":0,"parent":0,"menu_order":0,"comment_status":"closed","ping_status":"closed","template":"","meta":{"_uag_custom_page_level_css":"","_kad_post_transparent":"default","_kad_post_title":"hide","_kad_post_layout":"fullwidth","_kad_post_sidebar_id":"","_kad_post_content_style":"","_kad_post_vertical_padding":"hide","_kad_post_feature":"","_kad_post_feature_position":"","_kad_post_header":false,"_kad_post_footer":false,"footnotes":""},"class_list":["post-10","page","type-page","status-publish","hentry"],"yoast_head":"<!-- This site is optimized with the Yoast SEO plugin v22.2 - https:\/\/yoast.com\/wordpress\/plugins\/seo\/ -->\n<title>A propos - PowerRepport<\/title>\n<meta name=\"robots\" content=\"index, follow, max-snippet:-1, max-image-preview:large, max-video-preview:-1\" \/>\n<link rel=\"canonical\" href=\"http:\/\/pr.ipowerworld.net\/index.php\/a-propos\/\" \/>\n<meta property=\"og:locale\" content=\"fr_FR\" \/>\n<meta property=\"og:type\" content=\"article\" \/>\n<meta property=\"og:title\" content=\"A propos - PowerRepport\" \/>\n<meta property=\"og:description\" content=\"A propos de PowerReport-Regisseurs Solution de gestion de la collecte et du dispatching des revenus, fiable pour les r\u00e9gisseurs et leurs sup\u00e9rieurs\" \/>\n<meta property=\"og:url\" content=\"http:\/\/pr.ipowerworld.net\/index.php\/a-propos\/\" \/>\n<meta property=\"og:site_name\" content=\"PowerRepport\" \/>\n<meta property=\"article:modified_time\" content=\"2024-03-06T10:51:25+00:00\" \/>\n<meta property=\"og:image\" content=\"http:\/\/pr.ipowerworld.net\/wp-content\/uploads\/2024\/02\/gettyimages-497333399-612x612-2.jpg\" \/>\n<meta name=\"twitter:card\" content=\"summary_large_image\" \/>\n<meta name=\"twitter:label1\" content=\"Dur\u00e9e de lecture estim\u00e9e\" \/>\n\t<meta name=\"twitter:data1\" content=\"2 minutes\" \/>\n<script type=\"application\/ld+json\" class=\"yoast-schema-graph\">{\"@context\":\"https:\/\/schema.org\",\"@graph\":[{\"@type\":\"WebPage\",\"@id\":\"http:\/\/pr.ipowerworld.net\/index.php\/a-propos\/\",\"url\":\"http:\/\/pr.ipowerworld.net\/index.php\/a-propos\/\",\"name\":\"A propos - PowerRepport\",\"isPartOf\":{\"@id\":\"http:\/\/pr.ipowerworld.net\/#website\"},\"primaryImageOfPage\":{\"@id\":\"http:\/\/pr.ipowerworld.net\/index.php\/a-propos\/#primaryimage\"},\"image\":{\"@id\":\"http:\/\/pr.ipowerworld.net\/index.php\/a-propos\/#primaryimage\"},\"thumbnailUrl\":\"http:\/\/pr.ipowerworld.net\/wp-content\/uploads\/2024\/02\/gettyimages-497333399-612x612-2.jpg\",\"datePublished\":\"2024-02-04T14:54:01+00:00\",\"dateModified\":\"2024-03-06T10:51:25+00:00\",\"breadcrumb\":{\"@id\":\"http:\/\/pr.ipowerworld.net\/index.php\/a-propos\/#breadcrumb\"},\"inLanguage\":\"fr-FR\",\"potentialAction\":[{\"@type\":\"ReadAction\",\"target\":[\"http:\/\/pr.ipowerworld.net\/index.php\/a-propos\/\"]}]},{\"@type\":\"ImageObject\",\"inLanguage\":\"fr-FR\",\"@id\":\"http:\/\/pr.ipowerworld.net\/index.php\/a-propos\/#primaryimage\",\"url\":\"https:\/\/pr.ipowerworld.net\/wp-content\/uploads\/2024\/02\/gettyimages-497333399-612x612-2.jpg\",\"contentUrl\":\"https:\/\/pr.ipowerworld.net\/wp-content\/uploads\/2024\/02\/gettyimages-497333399-612x612-2.jpg\",\"width\":612,\"height\":408},{\"@type\":\"BreadcrumbList\",\"@id\":\"http:\/\/pr.ipowerworld.net\/index.php\/a-propos\/#breadcrumb\",\"itemListElement\":[{\"@type\":\"ListItem\",\"position\":1,\"name\":\"Accueil\",\"item\":\"http:\/\/pr.ipowerworld.net\/\"},{\"@type\":\"ListItem\",\"position\":2,\"name\":\"A propos\"}]},{\"@type\":\"WebSite\",\"@id\":\"http:\/\/pr.ipowerworld.net\/#website\",\"url\":\"http:\/\/pr.ipowerworld.net\/\",\"name\":\"PowerRepport\",\"description\":\"\",\"publisher\":{\"@id\":\"http:\/\/pr.ipowerworld.net\/#organization\"},\"potentialAction\":[{\"@type\":\"SearchAction\",\"target\":{\"@type\":\"EntryPoint\",\"urlTemplate\":\"http:\/\/pr.ipowerworld.net\/?s={search_term_string}\"},\"query-input\":\"required name=search_term_string\"}],\"inLanguage\":\"fr-FR\"},{\"@type\":\"Organization\",\"@id\":\"http:\/\/pr.ipowerworld.net\/#organization\",\"name\":\"PowerRepport\",\"url\":\"http:\/\/pr.ipowerworld.net\/\",\"logo\":{\"@type\":\"ImageObject\",\"inLanguage\":\"fr-FR\",\"@id\":\"http:\/\/pr.ipowerworld.net\/#\/schema\/logo\/image\/\",\"url\":\"https:\/\/pr.ipowerworld.net\/wp-content\/uploads\/2024\/02\/cropped-cropped-Logo-ipowerworld-1.webp\",\"contentUrl\":\"https:\/\/pr.ipowerworld.net\/wp-content\/uploads\/2024\/02\/cropped-cropped-Logo-ipowerworld-1.webp\",\"width\":1535,\"height\":541,\"caption\":\"PowerRepport\"},\"image\":{\"@id\":\"http:\/\/pr.ipowerworld.net\/#\/schema\/logo\/image\/\"}}]}<\/script>\n<!-- \/ Yoast SEO plugin. -->","yoast_head_json":{"title":"A propos - PowerRepport","robots":{"index":"index","follow":"follow","max-snippet":"max-snippet:-1","max-image-preview":"max-image-preview:large","max-video-preview":"max-video-preview:-1"},"canonical":"http:\/\/pr.ipowerworld.net\/index.php\/a-propos\/","og_locale":"fr_FR","og_type":"article","og_title":"A propos - PowerRepport","og_description":"A propos de PowerReport-Regisseurs Solution de gestion de la collecte et du dispatching des revenus, fiable pour les r\u00e9gisseurs et leurs sup\u00e9rieurs","og_url":"http:\/\/pr.ipowerworld.net\/index.php\/a-propos\/","og_site_name":"PowerRepport","article_modified_time":"2024-03-06T10:51:25+00:00","og_image":[{"url":"http:\/\/pr.ipowerworld.net\/wp-content\/uploads\/2024\/02\/gettyimages-497333399-612x612-2.jpg"}],"twitter_card":"summary_large_image","twitter_misc":{"Dur\u00e9e de lecture estim\u00e9e":"2 minutes"},"schema":{"@context":"https:\/\/schema.org","@graph":[{"@type":"WebPage","@id":"http:\/\/pr.ipowerworld.net\/index.php\/a-propos\/","url":"http:\/\/pr.ipowerworld.net\/index.php\/a-propos\/","name":"A propos - PowerRepport","isPartOf":{"@id":"http:\/\/pr.ipowerworld.net\/#website"},"primaryImageOfPage":{"@id":"http:\/\/pr.ipowerworld.net\/index.php\/a-propos\/#primaryimage"},"image":{"@id":"http:\/\/pr.ipowerworld.net\/index.php\/a-propos\/#primaryimage"},"thumbnailUrl":"http:\/\/pr.ipowerworld.net\/wp-content\/uploads\/2024\/02\/gettyimages-497333399-612x612-2.jpg","datePublished":"2024-02-04T14:54:01+00:00","dateModified":"2024-03-06T10:51:25+00:00","breadcrumb":{"@id":"http:\/\/pr.ipowerworld.net\/index.php\/a-propos\/#breadcrumb"},"inLanguage":"fr-FR","potentialAction":[{"@type":"ReadAction","target":["http:\/\/pr.ipowerworld.net\/index.php\/a-propos\/"]}]},{"@type":"ImageObject","inLanguage":"fr-FR","@id":"http:\/\/pr.ipowerworld.net\/index.php\/a-propos\/#primaryimage","url":"https:\/\/pr.ipowerworld.net\/wp-content\/uploads\/2024\/02\/gettyimages-497333399-612x612-2.jpg","contentUrl":"https:\/\/pr.ipowerworld.net\/wp-content\/uploads\/2024\/02\/gettyimages-497333399-612x612-2.jpg","width":612,"height":408},{"@type":"BreadcrumbList","@id":"http:\/\/pr.ipowerworld.net\/index.php\/a-propos\/#breadcrumb","itemListElement":[{"@type":"ListItem","position":1,"name":"Accueil","item":"http:\/\/pr.ipowerworld.net\/"},{"@type":"ListItem","position":2,"name":"A propos"}]},{"@type":"WebSite","@id":"http:\/\/pr.ipowerworld.net\/#website","url":"http:\/\/pr.ipowerworld.net\/","name":"PowerRepport","description":"","publisher":{"@id":"http:\/\/pr.ipowerworld.net\/#organization"},"potentialAction":[{"@type":"SearchAction","target":{"@type":"EntryPoint","urlTemplate":"http:\/\/pr.ipowerworld.net\/?s={search_term_string}"},"query-input":"required name=search_term_string"}],"inLanguage":"fr-FR"},{"@type":"Organization","@id":"http:\/\/pr.ipowerworld.net\/#organization","name":"PowerRepport","url":"http:\/\/pr.ipowerworld.net\/","logo":{"@type":"ImageObject","inLanguage":"fr-FR","@id":"http:\/\/pr.ipowerworld.net\/#\/schema\/logo\/image\/","url":"https:\/\/pr.ipowerworld.net\/wp-content\/uploads\/2024\/02\/cropped-cropped-Logo-ipowerworld-1.webp","contentUrl":"https:\/\/pr.ipowerworld.net\/wp-content\/uploads\/2024\/02\/cropped-cropped-Logo-ipowerworld-1.webp","width":1535,"height":541,"caption":"PowerRepport"},"image":{"@id":"http:\/\/pr.ipowerworld.net\/#\/schema\/logo\/image\/"}}]}},"uagb_featured_image_src":{"full":false,"thumbnail":false,"medium":false,"medium_large":false,"large":false,"1536x1536":false,"2048x2048":false,"woocommerce_thumbnail":false,"woocommerce_single":false,"woocommerce_gallery_thumbnail":false},"uagb_author_info":{"display_name":"Admin PowerReport","author_link":"https:\/\/pr.ipowerworld.net\/index.php\/author\/michel\/"},"uagb_comment_info":0,"uagb_excerpt":"A propos de PowerReport-Regisseurs Solution de gestion de la collecte et du dispatching des revenus, fiable pour les r\u00e9gisseurs et leurs sup\u00e9rieurs","_links":{"self":[{"href":"https:\/\/pr.ipowerworld.net\/index.php\/wp-json\/wp\/v2\/pages\/10","targetHints":{"allow":["GET"]}}],"collection":[{"href":"https:\/\/pr.ipowerworld.net\/index.php\/wp-json\/wp\/v2\/pages"}],"about":[{"href":"https:\/\/pr.ipowerworld.net\/index.php\/wp-json\/wp\/v2\/types\/page"}],"author":[{"embeddable":true,"href":"https:\/\/pr.ipowerworld.net\/index.php\/wp-json\/wp\/v2\/users\/1"}],"replies":[{"embeddable":true,"href":"https:\/\/pr.ipowerworld.net\/index.php\/wp-json\/wp\/v2\/comments?post=10"}],"version-history":[{"count":43,"href":"https:\/\/pr.ipowerworld.net\/index.php\/wp-json\/wp\/v2\/pages\/10\/revisions"}],"predecessor-version":[{"id":921,"href":"https:\/\/pr.ipowerworld.net\/index.php\/wp-json\/wp\/v2\/pages\/10\/revisions\/921"}],"wp:attachment":[{"href":"https:\/\/pr.ipowerworld.net\/index.php\/wp-json\/wp\/v2\/media?parent=10"}],"curies":[{"name":"wp","href":"https:\/\/api.w.org\/{rel}","templated":true}]}}